{"id":38,"date":"2020-08-08T18:31:41","date_gmt":"2020-08-08T16:31:41","guid":{"rendered":"https:\/\/www.jasmina.yoga\/j\/?page_id=38"},"modified":"2020-10-25T12:03:16","modified_gmt":"2020-10-25T11:03:16","slug":"ueber","status":"publish","type":"page","link":"https:\/\/www.jasmina.yoga\/j\/ueber\/","title":{"rendered":"\u00dcber"},"content":{"rendered":"<!--themify_builder_content-->\n<div id=\"themify_builder_content-38\" data-postid=\"38\" class=\"themify_builder_content themify_builder_content-38 themify_builder tf_clear\">\n    \t<!-- module_row -->\n\t<div  data-css_id=\"52ic51\" data-lazy=\"1\" class=\"module_row themify_builder_row fullcover fullwidth tb_52ic51 tb_first tf_clearfix\" >\n\t    \t\t\t\t\t\t<div class=\"tf_abs tf_hide tb_row_frame tb_row_frame_top in_front\"><\/div>\n\t\t\t\t\t\t\t\t<div class=\"row_inner col_align_top tf_box tf_w tf_rel\">\n\t\t\t<div  data-lazy=\"1\" class=\"module_column tb-column col-full first tb_mlka52 tf_box\">\n\t    \t    \t        <div class=\"tb-column-inner tf_box tf_w\">\n\t\t    <!-- module text -->\n<div  class=\"module module-text tb_vejd139   \" data-lazy=\"1\">\n            <div  class=\"tb_text_wrap\">\n    <p>&nbsp;<\/p>\n<p>&nbsp;<\/p>\n    <\/div>\n<\/div>\n<!-- \/module text -->\t        <\/div>\n\t    \t<\/div>\n\t\t    <\/div>\n\t    <!-- \/row_inner -->\n\t<\/div>\n\t<!-- \/module_row -->\n\t\t<!-- module_row -->\n\t<div  data-lazy=\"1\" class=\"module_row themify_builder_row tb_efpc590 tf_clearfix\" >\n\t    \t\t<div class=\"row_inner col_align_top tf_box tf_w tf_rel\">\n\t\t\t<div  data-lazy=\"1\" class=\"module_column tb-column col-full first tb_yqya592 tf_box\">\n\t    \t    \t        <div class=\"tb-column-inner tf_box tf_w\">\n\t\t    <!-- module text -->\n<div  class=\"module module-text tb_1g1l220   \" data-lazy=\"1\">\n            <div  class=\"tb_text_wrap\">\n    <p>&nbsp;<\/p>\n    <\/div>\n<\/div>\n<!-- \/module text --><!-- module fancy heading -->\n<div  class=\"module module-fancy-heading tb_4ubp142  tb_hide_divider\" data-lazy=\"1\">\n        <h1 class=\"fancy-heading tf_textc\">\n    <span  class=\"main-head tf_block\">\n\t\u00dcber Jasmina    <\/span>\n    <span class=\"sub-head tf_block tf_rel\">\n\t    <\/span>\n\n    <\/h1>\n<\/div>\n<!-- \/module fancy heading -->\n\t<div  data-lazy=\"1\" class=\"module_subrow themify_builder_sub_row tb_d1z881 tf_w tf_clearfix\">\n\t    \t\t<div class=\"subrow_inner col_align_top tf_box tf_w\">\n\t\t\t<div  data-lazy=\"1\" class=\"sub_column module_column tf_box col2-1 first tb_rssq82\"> \n\t    \t    \t        <div class=\"tb-column-inner tf_box tf_w\">\n\t\t    <!-- module image -->\n<div  class=\"module module-image tb_u2ko52 rounded drop-shadow  image-top tf_mw\" data-lazy=\"1\">\n            <div class=\"image-wrap tf_rel tf_mw\">\n\t\t    <img loading=\"lazy\" width=\"1707\" height=\"2560\" src=\"https:\/\/www.jasmina.yoga\/j\/wp-content\/uploads\/2020\/08\/IMG_4792-2-scaled.jpg\" class=\"wp-post-image wp-image-258\" title=\"IMG_4792-2\" alt=\"IMG_4792-2\" srcset=\"https:\/\/www.jasmina.yoga\/j\/wp-content\/uploads\/2020\/08\/IMG_4792-2-scaled.jpg 1707w, https:\/\/www.jasmina.yoga\/j\/wp-content\/uploads\/2020\/08\/IMG_4792-2-200x300.jpg 200w, https:\/\/www.jasmina.yoga\/j\/wp-content\/uploads\/2020\/08\/IMG_4792-2-683x1024.jpg 683w, https:\/\/www.jasmina.yoga\/j\/wp-content\/uploads\/2020\/08\/IMG_4792-2-768x1152.jpg 768w, https:\/\/www.jasmina.yoga\/j\/wp-content\/uploads\/2020\/08\/IMG_4792-2-1024x1536.jpg 1024w, https:\/\/www.jasmina.yoga\/j\/wp-content\/uploads\/2020\/08\/IMG_4792-2-1365x2048.jpg 1365w\" sizes=\"(max-width: 1707px) 100vw, 1707px\" \/>\t\n\t\t<\/div>\n\t<!-- \/image-wrap -->\n    \n    \n<\/div>\n<!-- \/module image -->\t        <\/div>\n\t    \t<\/div>\n\t\t<div  data-lazy=\"1\" class=\"sub_column module_column tf_box col2-1 last tb_kkda83\"> \n\t    \t    \t        <div class=\"tb-column-inner tf_box tf_w\">\n\t\t    <!-- module text -->\n<div  class=\"module module-text tb_kw72820   \" data-lazy=\"1\">\n            <div  class=\"tb_text_wrap\">\n    <p><br \/>Jasmina Schebesta kam bereits in ihrer Kindheit mit Yoga in Kontakt. Im Rahmen ihres Tanzstudiums nahm sie die regelm\u00e4\u00dfige Praxis auf. W\u00e4hrend ihrer Zeit als Kulturmanagerin erinnerte sie sich der ausgleichenden Wirkung des Yoga und intensivierte diesen Lebensstil.\u00a0 Seit sie die positiven Nebeneffekte an sich selbst beobachten kann, ist sie \u00fcberzeugt, dass Yoga wirkt. Asana, Meditation und Pranayama sind ein nicht mehr weg zu denkender Bestandteil ihres Lebens geworden. Daher folgte von 2018 bis 2020 die 500h Ausbildung im Yogahaus Ettlingen zur Yogalehrerin. Zus\u00e4tzlich absolvierte sie eine Fortbildung &#8220;Yoga in der Schwangerschaft&#8221;. Dar\u00fcber hinaus nimmt sie regelm\u00e4\u00dfig an Weiterbildungen und Workshops teil, welche ihre t\u00e4gliche Yogapraxis erg\u00e4nzen. Ihren bisher gesammelten Erfahrungsschatz m\u00f6chte Jasmina gerne teilen.<\/p>    <\/div>\n<\/div>\n<!-- \/module text -->\t        <\/div>\n\t    \t<\/div>\n\t\t    <\/div>\n\t<\/div><!-- \/themify_builder_sub_row -->\n\t<!-- module text -->\n<div  class=\"module module-text tb_9pj3771   \" data-lazy=\"1\">\n            <div  class=\"tb_text_wrap\">\n    <p>&nbsp;<\/p>\n    <\/div>\n<\/div>\n<!-- \/module text -->\t        <\/div>\n\t    \t<\/div>\n\t\t    <\/div>\n\t    <!-- \/row_inner -->\n\t<\/div>\n\t<!-- \/module_row -->\n\t<\/div>\n<!--\/themify_builder_content-->\n\n\n<p><\/p>","protected":false},"excerpt":{"rendered":"<p>&nbsp; &nbsp; &nbsp; \u00dcber Jasmina Jasmina Schebesta kam bereits in ihrer Kindheit mit Yoga in Kontakt. Im Rahmen ihres Tanzstudiums nahm sie die regelm\u00e4\u00dfige Praxis auf. W\u00e4hrend ihrer Zeit als Kulturmanagerin erinnerte sie sich der ausgleichenden Wirkung des Yoga und intensivierte diesen Lebensstil.\u00a0 Seit sie die positiven Nebeneffekte an sich selbst beobachten kann, ist sie [&hellip;]<\/p>\n","protected":false},"author":1,"featured_media":0,"parent":0,"menu_order":1,"comment_status":"closed","ping_status":"closed","template":"","meta":[],"builder_content":"<p>&nbsp;<\/p> <p>&nbsp;<\/p>\n<p>&nbsp;<\/p>\n<h1>\u00dcber Jasmina<br\/><\/h1>\n<img loading=\"lazy\" width=\"1707\" height=\"2560\" src=\"https:\/\/www.jasmina.yoga\/j\/wp-content\/uploads\/2020\/08\/IMG_4792-2-scaled.jpg\" title=\"IMG_4792-2\" alt=\"IMG_4792-2\" srcset=\"https:\/\/www.jasmina.yoga\/j\/wp-content\/uploads\/2020\/08\/IMG_4792-2-scaled.jpg 1707w, https:\/\/www.jasmina.yoga\/j\/wp-content\/uploads\/2020\/08\/IMG_4792-2-200x300.jpg 200w, https:\/\/www.jasmina.yoga\/j\/wp-content\/uploads\/2020\/08\/IMG_4792-2-683x1024.jpg 683w, https:\/\/www.jasmina.yoga\/j\/wp-content\/uploads\/2020\/08\/IMG_4792-2-768x1152.jpg 768w, https:\/\/www.jasmina.yoga\/j\/wp-content\/uploads\/2020\/08\/IMG_4792-2-1024x1536.jpg 1024w, https:\/\/www.jasmina.yoga\/j\/wp-content\/uploads\/2020\/08\/IMG_4792-2-1365x2048.jpg 1365w\" sizes=\"(max-width: 1707px) 100vw, 1707px\" \/>\n<p><br \/>Jasmina Schebesta kam bereits in ihrer Kindheit mit Yoga in Kontakt. Im Rahmen ihres Tanzstudiums nahm sie die regelm\u00e4\u00dfige Praxis auf. W\u00e4hrend ihrer Zeit als Kulturmanagerin erinnerte sie sich der ausgleichenden Wirkung des Yoga und intensivierte diesen Lebensstil.\u00a0 Seit sie die positiven Nebeneffekte an sich selbst beobachten kann, ist sie \u00fcberzeugt, dass Yoga wirkt. Asana, Meditation und Pranayama sind ein nicht mehr weg zu denkender Bestandteil ihres Lebens geworden. Daher folgte von 2018 bis 2020 die 500h Ausbildung im Yogahaus Ettlingen zur Yogalehrerin. Zus\u00e4tzlich absolvierte sie eine Fortbildung \"Yoga in der Schwangerschaft\". Dar\u00fcber hinaus nimmt sie regelm\u00e4\u00dfig an Weiterbildungen und Workshops teil, welche ihre t\u00e4gliche Yogapraxis erg\u00e4nzen. Ihren bisher gesammelten Erfahrungsschatz m\u00f6chte Jasmina gerne teilen.<\/p>\n<p>&nbsp;<\/p>","_links":{"self":[{"href":"https:\/\/www.jasmina.yoga\/j\/wp-json\/wp\/v2\/pages\/38"}],"collection":[{"href":"https:\/\/www.jasmina.yoga\/j\/wp-json\/wp\/v2\/pages"}],"about":[{"href":"https:\/\/www.jasmina.yoga\/j\/wp-json\/wp\/v2\/types\/page"}],"author":[{"embeddable":true,"href":"https:\/\/www.jasmina.yoga\/j\/wp-json\/wp\/v2\/users\/1"}],"replies":[{"embeddable":true,"href":"https:\/\/www.jasmina.yoga\/j\/wp-json\/wp\/v2\/comments?post=38"}],"version-history":[{"count":75,"href":"https:\/\/www.jasmina.yoga\/j\/wp-json\/wp\/v2\/pages\/38\/revisions"}],"predecessor-version":[{"id":1451,"href":"https:\/\/www.jasmina.yoga\/j\/wp-json\/wp\/v2\/pages\/38\/revisions\/1451"}],"wp:attachment":[{"href":"https:\/\/www.jasmina.yoga\/j\/wp-json\/wp\/v2\/media?parent=38"}],"curies":[{"name":"wp","href":"https:\/\/api.w.org\/{rel}","templated":true}]}}