{"id":57,"date":"2020-08-08T18:52:26","date_gmt":"2020-08-08T16:52:26","guid":{"rendered":"https:\/\/www.jasmina.yoga\/j\/uber-copy\/"},"modified":"2020-10-27T00:27:31","modified_gmt":"2020-10-26T23:27:31","slug":"kurse","status":"publish","type":"page","link":"https:\/\/www.jasmina.yoga\/j\/kurse\/","title":{"rendered":"Kurse"},"content":{"rendered":"<!--themify_builder_content-->\n<div id=\"themify_builder_content-57\" data-postid=\"57\" class=\"themify_builder_content themify_builder_content-57 themify_builder tf_clear\">\n    \t<!-- module_row -->\n\t<div  data-css_id=\"fzqo434\" data-lazy=\"1\" class=\"module_row themify_builder_row fullcover fullwidth tb_fzqo434 tb_first tf_clearfix\" >\n\t    \t\t\t\t\t\t<div class=\"tf_abs tf_hide tb_row_frame tb_row_frame_top in_front\"><\/div>\n\t\t\t\t\t\t\t\t\t\t\t\t<div class=\"tf_abs tf_hide tb_row_frame tb_row_frame_bottom in_front\"><\/div>\n\t\t\t\t\t\t\t\t<div class=\"row_inner col_align_top tf_box tf_w tf_rel\">\n\t\t\t<div  data-lazy=\"1\" class=\"module_column tb-column col-full first tb_v39i435 tf_box\">\n\t    \t    \t        <div class=\"tb-column-inner tf_box tf_w\">\n\t\t    <!-- module image -->\n<div  class=\"module module-image tb_q2ub436   image-top auto_fullwidth tf_mw\" data-lazy=\"1\">\n            <div class=\"image-wrap tf_rel tf_mw\">\n\t\t    <img loading=\"lazy\" width=\"1920\" height=\"1281\" src=\"https:\/\/www.jasmina.yoga\/j\/wp-content\/uploads\/2020\/08\/IMG_4582_HD.jpg\" class=\"wp-post-image wp-image-233\" title=\"Kurse\" alt=\"Kurse\" srcset=\"https:\/\/www.jasmina.yoga\/j\/wp-content\/uploads\/2020\/08\/IMG_4582_HD.jpg 1920w, https:\/\/www.jasmina.yoga\/j\/wp-content\/uploads\/2020\/08\/IMG_4582_HD-300x200.jpg 300w, https:\/\/www.jasmina.yoga\/j\/wp-content\/uploads\/2020\/08\/IMG_4582_HD-1024x683.jpg 1024w, https:\/\/www.jasmina.yoga\/j\/wp-content\/uploads\/2020\/08\/IMG_4582_HD-768x512.jpg 768w, https:\/\/www.jasmina.yoga\/j\/wp-content\/uploads\/2020\/08\/IMG_4582_HD-1536x1025.jpg 1536w\" sizes=\"(max-width: 1920px) 100vw, 1920px\" \/>\t\n\t\t<\/div>\n\t<!-- \/image-wrap -->\n    \n    \n<\/div>\n<!-- \/module image -->\t        <\/div>\n\t    \t<\/div>\n\t\t    <\/div>\n\t    <!-- \/row_inner -->\n\t<\/div>\n\t<!-- \/module_row -->\n\t\t<!-- module_row -->\n\t<div  data-lazy=\"1\" class=\"module_row themify_builder_row tb_bkle560 tf_clearfix\" >\n\t    \t\t<div class=\"row_inner col_align_top tf_box tf_w tf_rel\">\n\t\t\t<div  data-lazy=\"1\" class=\"module_column tb-column col-full first tb_wv1k561 tf_box\">\n\t    \t    \t        <div class=\"tb-column-inner tf_box tf_w\">\n\t\t    <!-- module text -->\n<div  class=\"module module-text tb_04s1103   \" data-lazy=\"1\">\n            <div  class=\"tb_text_wrap\">\n    <p>&nbsp;<\/p>\n    <\/div>\n<\/div>\n<!-- \/module text --><!-- module fancy heading -->\n<div  class=\"module module-fancy-heading tb_b1q8132  tb_hide_divider\" data-lazy=\"1\">\n        <h1 class=\"fancy-heading tf_textc\">\n    <span  class=\"main-head tf_block\">\n\tKurse    <\/span>\n    <span class=\"sub-head tf_block tf_rel\">\n\t    <\/span>\n\n    <\/h1>\n<\/div>\n<!-- \/module fancy heading -->\n\t        <\/div>\n\t    \t<\/div>\n\t\t    <\/div>\n\t    <!-- \/row_inner -->\n\t<\/div>\n\t<!-- \/module_row -->\n\t\t<!-- module_row -->\n\t<div  data-lazy=\"1\" class=\"module_row themify_builder_row tb_us3a129 tf_clearfix\" >\n\t    \t\t<div class=\"row_inner col_align_top tf_box tf_w tf_rel\">\n\t\t\t<div  data-lazy=\"1\" class=\"module_column tb-column col-full first tb_thqn131 repeat tf_box\">\n\t    \t    \t        <div class=\"tb-column-inner tf_box tf_w\">\n\t\t    \t<div  data-lazy=\"1\" class=\"module_subrow themify_builder_sub_row tb_3ey253 tf_w tf_clearfix\">\n\t    \t\t<div class=\"subrow_inner col_align_top tf_box tf_w\">\n\t\t\t<div  data-lazy=\"1\" class=\"sub_column module_column tf_box col3-1 first tb_5qa855\"> \n\t    \t    \t        <div class=\"tb-column-inner tf_box tf_w\">\n\t\t    <!-- module image -->\n<div  class=\"module module-image tb_lj2x954 rounded drop-shadow  image-center tf_mw\" data-lazy=\"1\">\n            <div class=\"image-wrap tf_rel tf_mw\">\n\t\t    <img loading=\"lazy\" width=\"724\" height=\"483\" src=\"https:\/\/www.jasmina.yoga\/j\/wp-content\/uploads\/2020\/08\/mama-baby-yoga-karlsruhe.jpg\" class=\"wp-post-image wp-image-746\" title=\"Mama &amp; Baby Yoga\" alt=\"Mama &amp; Baby Yoga\" srcset=\"https:\/\/www.jasmina.yoga\/j\/wp-content\/uploads\/2020\/08\/mama-baby-yoga-karlsruhe.jpg 724w, https:\/\/www.jasmina.yoga\/j\/wp-content\/uploads\/2020\/08\/mama-baby-yoga-karlsruhe-300x200.jpg 300w\" sizes=\"(max-width: 724px) 100vw, 724px\" \/>\t\n\t\t<\/div>\n\t<!-- \/image-wrap -->\n    \n    \t<div class=\"image-content\">\n\t    \t\t<h3 class=\"image-title\">\n\t\t    \t\t\tMama & Baby Yoga\t\t    \t\t<\/h3>\n\t    \n\t    \t<\/div>\n\t<!-- \/image-content -->\n    \n<\/div>\n<!-- \/module image --><!-- module text -->\n<div  class=\"module module-text tb_g70n171   \" data-lazy=\"1\">\n            <div  class=\"tb_text_wrap\">\n    <p>Zeit und Raum f\u00fcr dich und dein Baby. In dieser Stunde praktizierst du Yoga mit Elementen aus der R\u00fcckbildung: Sanft, achtsam und auf deine Bed\u00fcrfnisse angepasst. Dein Baby ist dabei und kleine \u00dcbungen und Spiele werden angeboten. Gemeinsam finden wir Bewegungsabl\u00e4ufe und Atemtechniken, die dir im Alltag mit Baby helfen k\u00f6nnen. Mal entspannt und ruhig, mal laut und quirlig \u2013 diese Stunde ist ideal f\u00fcr frisch gebackene Mamas, die ihre erste Zeit mit Baby bewusst erleben m\u00f6chten, neue Verbindungen k\u00f6nnen entstehen. Bitte bring deine eigene Yogamatte, Decken und Kissen mit.<\/p>    <\/div>\n<\/div>\n<!-- \/module text -->\t        <\/div>\n\t    \t<\/div>\n\t\t<div  data-lazy=\"1\" class=\"sub_column module_column tf_box col3-1 middle tb_9w4556\"> \n\t    \t    \t        <div class=\"tb-column-inner tf_box tf_w\">\n\t\t    <!-- module image -->\n<div  class=\"module module-image tb_0guy542 rounded drop-shadow  image-center tf_mw\" data-lazy=\"1\">\n            <div class=\"image-wrap tf_rel tf_mw\">\n\t\t    <img loading=\"lazy\" width=\"1920\" height=\"1281\" src=\"https:\/\/www.jasmina.yoga\/j\/wp-content\/uploads\/2020\/08\/IMG_4582_HD.jpg\" class=\"wp-post-image wp-image-233\" title=\"Yoga draussen\" alt=\"Yoga draussen\" srcset=\"https:\/\/www.jasmina.yoga\/j\/wp-content\/uploads\/2020\/08\/IMG_4582_HD.jpg 1920w, https:\/\/www.jasmina.yoga\/j\/wp-content\/uploads\/2020\/08\/IMG_4582_HD-300x200.jpg 300w, https:\/\/www.jasmina.yoga\/j\/wp-content\/uploads\/2020\/08\/IMG_4582_HD-1024x683.jpg 1024w, https:\/\/www.jasmina.yoga\/j\/wp-content\/uploads\/2020\/08\/IMG_4582_HD-768x512.jpg 768w, https:\/\/www.jasmina.yoga\/j\/wp-content\/uploads\/2020\/08\/IMG_4582_HD-1536x1025.jpg 1536w\" sizes=\"(max-width: 1920px) 100vw, 1920px\" \/>\t\n\t\t<\/div>\n\t<!-- \/image-wrap -->\n    \n    \t<div class=\"image-content\">\n\t    \t\t<h3 class=\"image-title\">\n\t\t    \t\t\tYoga draussen\t\t    \t\t<\/h3>\n\t    \n\t    \t<\/div>\n\t<!-- \/image-content -->\n    \n<\/div>\n<!-- \/module image --><!-- module text -->\n<div  class=\"module module-text tb_zdyp742   \" data-lazy=\"1\">\n            <div  class=\"tb_text_wrap\">\n    <p>Im diesem Kurs wird der Weg von Anspannung (Abhyasa) und Entspannung (Vairagya) dynamisch beschritten, um zur Ruhe des Geistes zu gelangen. Bestandteil jeder Stunde sind Atem\u00fcbungen (Pranayama), K\u00f6rperpraxis (Asana) und Meditation. Die Wahrnehmung des K\u00f6rpers in Bewegung und Ruhezustand sch\u00e4rft das Verst\u00e4ndnis f\u00fcr dessen Funktion. Die Ausrichtung der Gelenke und St\u00e4rkung der Muskulatur f\u00fchrt zu einer gesteigerten Selbstwahrnehmung. Damit einher geht die Beobachtung der eigenen Gedankenwelt: Was tut meinem K\u00f6rper, Geist und Seele gut? Was schadet? Ge\u00fcbt wird der achtsame Umgang mit sich selbst und seinen Mitmenschen.<\/p>\n<p>Keine Vorkenntnisse erforderlich, bequeme Kleidung und Neugier empfehlenswert.<\/p>\n<p>Der Kurs findet im Freien statt, bei Regen wird der Kurs in die Kita \/ Raum oben verlegt!<\/p>    <\/div>\n<\/div>\n<!-- \/module text -->\t        <\/div>\n\t    \t<\/div>\n\t\t<div  data-lazy=\"1\" class=\"sub_column module_column tf_box col3-1 last tb_15hu56\"> \n\t    \t    \t        <div class=\"tb-column-inner tf_box tf_w\">\n\t\t    <!-- module image -->\n<div  class=\"module module-image tb_5ykw343 rounded drop-shadow  image-center tf_mw\" data-lazy=\"1\">\n            <div class=\"image-wrap tf_rel tf_mw\">\n\t\t    <img loading=\"lazy\" width=\"1920\" height=\"1040\" src=\"https:\/\/www.jasmina.yoga\/j\/wp-content\/uploads\/2020\/08\/IMG_4986_HD.jpg\" class=\"wp-post-image wp-image-225\" title=\"Vinyasa Yoga\" alt=\"Vinyasa Yoga\" srcset=\"https:\/\/www.jasmina.yoga\/j\/wp-content\/uploads\/2020\/08\/IMG_4986_HD.jpg 1920w, https:\/\/www.jasmina.yoga\/j\/wp-content\/uploads\/2020\/08\/IMG_4986_HD-300x163.jpg 300w, https:\/\/www.jasmina.yoga\/j\/wp-content\/uploads\/2020\/08\/IMG_4986_HD-1024x555.jpg 1024w, https:\/\/www.jasmina.yoga\/j\/wp-content\/uploads\/2020\/08\/IMG_4986_HD-768x416.jpg 768w, https:\/\/www.jasmina.yoga\/j\/wp-content\/uploads\/2020\/08\/IMG_4986_HD-1536x832.jpg 1536w\" sizes=\"(max-width: 1920px) 100vw, 1920px\" \/>\t\n\t\t<\/div>\n\t<!-- \/image-wrap -->\n    \n    \t<div class=\"image-content\">\n\t    \t\t<h3 class=\"image-title\">\n\t\t    \t\t\tVinyasa Yoga\t\t    \t\t<\/h3>\n\t    \n\t    \t<\/div>\n\t<!-- \/image-content -->\n    \n<\/div>\n<!-- \/module image --><!-- module text -->\n<div  class=\"module module-text tb_72t5838   \" data-lazy=\"1\">\n            <div  class=\"tb_text_wrap\">\n    <p>Eine komprimierte Stunde lang Vinyasa flow inklusive Atem\u00fcbungen und kurzer Meditation. Je nach Tageszeit anregend oder entspannend aufgebaut und mit musikalischer Begleitung. Im Kurs werden keine Vorkenntnisse ben\u00f6tigt.<\/p>    <\/div>\n<\/div>\n<!-- \/module text -->\t        <\/div>\n\t    \t<\/div>\n\t\t    <\/div>\n\t<\/div><!-- \/themify_builder_sub_row -->\n\t\t        <\/div>\n\t    \t<\/div>\n\t\t    <\/div>\n\t    <!-- \/row_inner -->\n\t<\/div>\n\t<!-- \/module_row -->\n\t\t<!-- module_row -->\n\t<div  data-lazy=\"1\" class=\"module_row themify_builder_row repeat tb_dxo074 tf_clearfix\" >\n\t    \t\t<div class=\"row_inner col_align_top tf_box tf_w tf_rel\">\n\t\t\t<div  data-lazy=\"1\" class=\"module_column tb-column col-full first tb_le4876 tf_box\">\n\t    \t    \t        <div class=\"tb-column-inner tf_box tf_w\">\n\t\t    <!-- module text -->\n<div  class=\"module module-text tb_kz21195   \" data-lazy=\"1\">\n            <div  class=\"tb_text_wrap\">\n    <p>&nbsp;<\/p>\n<p>&nbsp;<\/p>\n    <\/div>\n<\/div>\n<!-- \/module text -->\t        <\/div>\n\t    \t<\/div>\n\t\t    <\/div>\n\t    <!-- \/row_inner -->\n\t<\/div>\n\t<!-- \/module_row -->\n\t<\/div>\n<!--\/themify_builder_content-->\n\n\n<p><\/p>","protected":false},"excerpt":{"rendered":"","protected":false},"author":1,"featured_media":0,"parent":0,"menu_order":3,"comment_status":"closed","ping_status":"closed","template":"","meta":[],"builder_content":"<img loading=\"lazy\" width=\"1920\" height=\"1281\" src=\"https:\/\/www.jasmina.yoga\/j\/wp-content\/uploads\/2020\/08\/IMG_4582_HD.jpg\" title=\"Kurse\" alt=\"Kurse\" srcset=\"https:\/\/www.jasmina.yoga\/j\/wp-content\/uploads\/2020\/08\/IMG_4582_HD.jpg 1920w, https:\/\/www.jasmina.yoga\/j\/wp-content\/uploads\/2020\/08\/IMG_4582_HD-300x200.jpg 300w, https:\/\/www.jasmina.yoga\/j\/wp-content\/uploads\/2020\/08\/IMG_4582_HD-1024x683.jpg 1024w, https:\/\/www.jasmina.yoga\/j\/wp-content\/uploads\/2020\/08\/IMG_4582_HD-768x512.jpg 768w, https:\/\/www.jasmina.yoga\/j\/wp-content\/uploads\/2020\/08\/IMG_4582_HD-1536x1025.jpg 1536w\" sizes=\"(max-width: 1920px) 100vw, 1920px\" \/>\n<p>&nbsp;<\/p>\n<h1>Kurse<br\/><\/h1>\n<img loading=\"lazy\" width=\"724\" height=\"483\" src=\"https:\/\/www.jasmina.yoga\/j\/wp-content\/uploads\/2020\/08\/mama-baby-yoga-karlsruhe.jpg\" title=\"Mama &amp; Baby Yoga\" alt=\"Mama &amp; Baby Yoga\" srcset=\"https:\/\/www.jasmina.yoga\/j\/wp-content\/uploads\/2020\/08\/mama-baby-yoga-karlsruhe.jpg 724w, https:\/\/www.jasmina.yoga\/j\/wp-content\/uploads\/2020\/08\/mama-baby-yoga-karlsruhe-300x200.jpg 300w\" sizes=\"(max-width: 724px) 100vw, 724px\" \/> <h3> Mama & Baby Yoga <\/h3>\n<p>Zeit und Raum f\u00fcr dich und dein Baby. In dieser Stunde praktizierst du Yoga mit Elementen aus der R\u00fcckbildung: Sanft, achtsam und auf deine Bed\u00fcrfnisse angepasst. Dein Baby ist dabei und kleine \u00dcbungen und Spiele werden angeboten. Gemeinsam finden wir Bewegungsabl\u00e4ufe und Atemtechniken, die dir im Alltag mit Baby helfen k\u00f6nnen. Mal entspannt und ruhig, mal laut und quirlig \u2013 diese Stunde ist ideal f\u00fcr frisch gebackene Mamas, die ihre erste Zeit mit Baby bewusst erleben m\u00f6chten, neue Verbindungen k\u00f6nnen entstehen. Bitte bring deine eigene Yogamatte, Decken und Kissen mit.<\/p>\n<img loading=\"lazy\" width=\"1920\" height=\"1281\" src=\"https:\/\/www.jasmina.yoga\/j\/wp-content\/uploads\/2020\/08\/IMG_4582_HD.jpg\" title=\"Yoga draussen\" alt=\"Yoga draussen\" srcset=\"https:\/\/www.jasmina.yoga\/j\/wp-content\/uploads\/2020\/08\/IMG_4582_HD.jpg 1920w, https:\/\/www.jasmina.yoga\/j\/wp-content\/uploads\/2020\/08\/IMG_4582_HD-300x200.jpg 300w, https:\/\/www.jasmina.yoga\/j\/wp-content\/uploads\/2020\/08\/IMG_4582_HD-1024x683.jpg 1024w, https:\/\/www.jasmina.yoga\/j\/wp-content\/uploads\/2020\/08\/IMG_4582_HD-768x512.jpg 768w, https:\/\/www.jasmina.yoga\/j\/wp-content\/uploads\/2020\/08\/IMG_4582_HD-1536x1025.jpg 1536w\" sizes=\"(max-width: 1920px) 100vw, 1920px\" \/> <h3> Yoga draussen <\/h3>\n<p>Im diesem Kurs wird der Weg von Anspannung (Abhyasa) und Entspannung (Vairagya) dynamisch beschritten, um zur Ruhe des Geistes zu gelangen. Bestandteil jeder Stunde sind Atem\u00fcbungen (Pranayama), K\u00f6rperpraxis (Asana) und Meditation. Die Wahrnehmung des K\u00f6rpers in Bewegung und Ruhezustand sch\u00e4rft das Verst\u00e4ndnis f\u00fcr dessen Funktion. Die Ausrichtung der Gelenke und St\u00e4rkung der Muskulatur f\u00fchrt zu einer gesteigerten Selbstwahrnehmung. Damit einher geht die Beobachtung der eigenen Gedankenwelt: Was tut meinem K\u00f6rper, Geist und Seele gut? Was schadet? Ge\u00fcbt wird der achtsame Umgang mit sich selbst und seinen Mitmenschen.<\/p> <p>Keine Vorkenntnisse erforderlich, bequeme Kleidung und Neugier empfehlenswert.<\/p> <p>Der Kurs findet im Freien statt, bei Regen wird der Kurs in die Kita \/ Raum oben verlegt!<\/p>\n<img loading=\"lazy\" width=\"1920\" height=\"1040\" src=\"https:\/\/www.jasmina.yoga\/j\/wp-content\/uploads\/2020\/08\/IMG_4986_HD.jpg\" title=\"Vinyasa Yoga\" alt=\"Vinyasa Yoga\" srcset=\"https:\/\/www.jasmina.yoga\/j\/wp-content\/uploads\/2020\/08\/IMG_4986_HD.jpg 1920w, https:\/\/www.jasmina.yoga\/j\/wp-content\/uploads\/2020\/08\/IMG_4986_HD-300x163.jpg 300w, https:\/\/www.jasmina.yoga\/j\/wp-content\/uploads\/2020\/08\/IMG_4986_HD-1024x555.jpg 1024w, https:\/\/www.jasmina.yoga\/j\/wp-content\/uploads\/2020\/08\/IMG_4986_HD-768x416.jpg 768w, https:\/\/www.jasmina.yoga\/j\/wp-content\/uploads\/2020\/08\/IMG_4986_HD-1536x832.jpg 1536w\" sizes=\"(max-width: 1920px) 100vw, 1920px\" \/> <h3> Vinyasa Yoga <\/h3>\n<p>Eine komprimierte Stunde lang Vinyasa flow inklusive Atem\u00fcbungen und kurzer Meditation. Je nach Tageszeit anregend oder entspannend aufgebaut und mit musikalischer Begleitung. Im Kurs werden keine Vorkenntnisse ben\u00f6tigt.<\/p>\n<p>&nbsp;<\/p> <p>&nbsp;<\/p>","_links":{"self":[{"href":"https:\/\/www.jasmina.yoga\/j\/wp-json\/wp\/v2\/pages\/57"}],"collection":[{"href":"https:\/\/www.jasmina.yoga\/j\/wp-json\/wp\/v2\/pages"}],"about":[{"href":"https:\/\/www.jasmina.yoga\/j\/wp-json\/wp\/v2\/types\/page"}],"author":[{"embeddable":true,"href":"https:\/\/www.jasmina.yoga\/j\/wp-json\/wp\/v2\/users\/1"}],"replies":[{"embeddable":true,"href":"https:\/\/www.jasmina.yoga\/j\/wp-json\/wp\/v2\/comments?post=57"}],"version-history":[{"count":78,"href":"https:\/\/www.jasmina.yoga\/j\/wp-json\/wp\/v2\/pages\/57\/revisions"}],"predecessor-version":[{"id":1458,"href":"https:\/\/www.jasmina.yoga\/j\/wp-json\/wp\/v2\/pages\/57\/revisions\/1458"}],"wp:attachment":[{"href":"https:\/\/www.jasmina.yoga\/j\/wp-json\/wp\/v2\/media?parent=57"}],"curies":[{"name":"wp","href":"https:\/\/api.w.org\/{rel}","templated":true}]}}